{"id":6,"date":"2022-01-08T10:35:53","date_gmt":"2022-01-08T08:35:53","guid":{"rendered":"https:\/\/sinanhazar.com\/?page_id=6"},"modified":"2023-06-24T06:17:19","modified_gmt":"2023-06-24T04:17:19","slug":"olaganustu-tasarimlar-icin-guzel-portfoyler","status":"publish","type":"page","link":"https:\/\/sinanhazar.com\/","title":{"rendered":"Hakk\u0131mda"},"content":{"rendered":"\n<p class=\"has-text-align-center\">K\u0131saca Kendimden bahsetmek istersem, Avustralya Do\u011fumlu, hayat\u0131n\u0131 b\u00fcy\u00fck bir k\u0131sm\u0131n\u0131 \u015f\u00fcphesiz ki d\u00fcnyan\u0131n en g\u00fczel yeri olan Antalya&#8217;da ya\u015fam\u0131\u015f, Japon k\u00fclt\u00fcr\u00fcne hayran ve Avustralya&#8217;da ya\u015fayan y\u00fcksek lisans yapm\u0131\u015f bir fizik\u00e7iyim. Burada ki\u015fisel blog yaz\u0131lar\u0131m\u0131 ve bilime dair anekdotlar\u0131m\u0131 payla\u015fmaktay\u0131m.<\/p>\n\n\n\n<div class=\"wp-block-wpzoom-blocks-social-icons is-style-without-canvas-with-label\" style=\"--wpz-social-icons-block-item-font-size:40px;--wpz-social-icons-block-item-padding-horizontal:10px;--wpz-social-icons-block-item-padding-vertical:10px;--wpz-social-icons-block-item-margin-horizontal:0px;--wpz-social-icons-block-item-margin-vertical:0px;--wpz-social-icons-block-item-border-radius:50px;--wpz-social-icons-block-label-font-size:15px;--wpz-social-icons-block-label-color:false;--wpz-social-icons-block-label-color-hover:false;--wpz-social-icons-alignment:center\"><a href=\"https:\/\/instagram.com\/theviewcatcher\" class=\"social-icon-link\" target=\"_blank\" rel=\"noopener noreferrer\" style=\"--wpz-social-icons-block-item-color:#E4405F;--wpz-social-icons-block-item-color-hover:#E4405F\"><span class=\"social-icon socicon socicon-instagram\"><\/span><span class=\"icon-label\">Instagram<\/span><\/a><a href=\"https:\/\/vm.tiktok.com\/ZSeCRAn6B\/\" class=\"social-icon-link\" target=\"_blank\" rel=\"noopener noreferrer\" style=\"--wpz-social-icons-block-item-color:#69C9D0;--wpz-social-icons-block-item-color-hover:#69C9D0\"><span class=\"social-icon socicon socicon-tiktok\"><\/span><span class=\"icon-label\">Tiktok<\/span><\/a><a href=\"https:\/\/www.youtube.com\/channel\/UCKHFClqNXBeCogZuAhIEMLw\" class=\"social-icon-link\" target=\"_blank\" rel=\"noopener noreferrer\" style=\"--wpz-social-icons-block-item-color:#e02a20;--wpz-social-icons-block-item-color-hover:#e02a20\"><span class=\"social-icon socicon socicon-youtube\"><\/span><span class=\"icon-label\">Youtube<\/span><\/a><\/div>\n\n\n\n<div style=\"height:55px\" aria-hidden=\"true\" class=\"wp-block-spacer\"><\/div>\n\n\n\n<div class=\"wp-block-group alignfull has-background is-layout-flow wp-block-group-is-layout-flow\" style=\"background-color:#e5e9ec\">\n<div class=\"wp-block-columns is-layout-flex wp-container-core-columns-is-layout-28f84493 wp-block-columns-is-layout-flex\">\n<div class=\"wp-block-column is-vertically-aligned-center is-layout-flow wp-block-column-is-layout-flow\">\n<h2 class=\"wp-block-heading\">Blog<\/h2>\n\n\n\n<p>2016 y\u0131l\u0131ndan beri yaratabildi\u011fim her f\u0131rsat ile yurtd\u0131\u015f\u0131na tatile gittim. Tabikide ilk olarak Japonya Tokyo ile bu ser\u00fcvenleri ba\u015flatt\u0131m, daha sonralar\u0131 her imkan\u0131mda farkl\u0131 \u00fclkeleri ziyaret ettim. \u015euan&#8217;da Avustralya&#8217;da ya\u015famakta ve burayla ilgili bilgiler payla\u015fmaktay\u0131m. <\/p>\n\n\n\n<div class=\"wp-block-buttons is-horizontal is-content-justification-left is-layout-flex wp-container-core-buttons-is-layout-20be11b6 wp-block-buttons-is-layout-flex\">\n<div class=\"wp-block-button is-style-outline is-style-outline--1\"><a class=\"wp-block-button__link no-border-radius wp-element-button\" href=\"https:\/\/sinanhazar.com\/?page_id=9\" target=\"_blank\" rel=\"noreferrer noopener\">Blog<\/a><\/div>\n<\/div>\n\n\n\n<p><\/p>\n<\/div>\n\n\n\n<div class=\"wp-block-column is-layout-flow wp-block-column-is-layout-flow\">\n<div style=\"height:48px\" aria-hidden=\"true\" class=\"wp-block-spacer\"><\/div>\n\n\n\n<figure class=\"wp-block-image size-large\"><img decoding=\"async\" src=\"https:\/\/sinanhazar.com\/wp-content\/themes\/inspiro\/assets\/images\/StockSnap_JKMGVEJMPU.jpg\" alt=\"\" class=\"wp-image-26\"\/><\/figure>\n<\/div>\n<\/div>\n<\/div>\n\n\n\n<div class=\"wp-block-group alignfull is-layout-flow wp-block-group-is-layout-flow\">\n<div class=\"wp-block-columns are-vertically-aligned-center is-layout-flex wp-container-core-columns-is-layout-28f84493 wp-block-columns-is-layout-flex\">\n<div class=\"wp-block-column is-vertically-aligned-center is-layout-flow wp-block-column-is-layout-flow\">\n<div style=\"height:48px\" aria-hidden=\"true\" class=\"wp-block-spacer\"><\/div>\n\n\n\n<figure class=\"wp-block-image size-large\"><img decoding=\"async\" src=\"https:\/\/sinanhazar.com\/wp-content\/themes\/inspiro\/assets\/images\/StockSnap_M6D1GS9PSL.jpg\" alt=\"\" class=\"wp-image-27\"\/><\/figure>\n<\/div>\n\n\n\n<div class=\"wp-block-column is-vertically-aligned-center is-layout-flow wp-block-column-is-layout-flow\">\n<h2 class=\"wp-block-heading\">Bilime dair anekdotlar<\/h2>\n\n\n\n<p>2011 y\u0131l\u0131nda Fizik b\u00f6l\u00fcm\u00fc \u00f6\u011frencisi olmu\u015ftum. Ba\u015flarda hi\u00e7 ilgimi \u00e7ekmesede zaman ile ilgimi \u00e7ekmi\u015f ve mezun olmama yak\u0131n bilgiye daha a\u00e7 bir hale gelmi\u015ftim. 2017 y\u0131l\u0131nda Y\u00fcksek lisans&#8217;a ba\u015flad\u0131m. \u0130lk y\u0131l\u0131mda N\u00fckleer dedekt\u00f6rler \u00fczerinda \u00e7al\u0131\u015fm\u0131\u015f ve 2. y\u0131l\u0131mda Biosens\u00f6rler \u00fczerinde \u00e7al\u0131\u015fmaya karar vermi\u015ftim. B\u00f6l\u00fcmden birka\u00e7 g\u00fczel arkada\u015f\u0131m sayesinde bilime dair anekdotlar payla\u015fmaya karar verdim. Umar\u0131m bu yaz\u0131lar fizi\u011fi biraz daha anla\u015f\u0131l\u0131r yapabilir<\/p>\n\n\n\n<div class=\"wp-block-buttons is-layout-flex wp-block-buttons-is-layout-flex\">\n<div class=\"wp-block-button is-style-outline is-style-outline--2\"><a class=\"wp-block-button__link no-border-radius wp-element-button\" href=\"https:\/\/sinanhazar.com\/?page_id=31\" target=\"_blank\" rel=\"noreferrer noopener\">Anekdotlar<\/a><\/div>\n<\/div>\n<\/div>\n<\/div>\n<\/div>\n\n\n\n<div class=\"wp-block-group alignfull has-black-background-color has-background is-layout-flow wp-block-group-is-layout-flow\">\n<h2 class=\"wp-block-heading has-text-align-center has-white-color has-text-color\"><strong>Gallery<\/strong><\/h2>\n\n\n\n<figure class=\"wp-block-gallery aligncenter has-nested-images columns-default is-cropped wp-block-gallery-3 is-layout-flex wp-block-gallery-is-layout-flex\">\n<figure class=\"wp-block-image size-large\"><img decoding=\"async\" data-id=\"28\" src=\"https:\/\/sinanhazar.com\/wp-content\/themes\/inspiro\/assets\/images\/StockSnap_P9QYJ8AAL8.jpg\" alt=\"\" class=\"wp-image-28\"\/><\/figure>\n\n\n\n<figure class=\"wp-block-image size-large\"><img decoding=\"async\" data-id=\"27\" src=\"https:\/\/sinanhazar.com\/wp-content\/themes\/inspiro\/assets\/images\/StockSnap_M6D1GS9PSL.jpg\" alt=\"\" class=\"wp-image-27\"\/><\/figure>\n\n\n\n<figure class=\"wp-block-image size-large\"><img decoding=\"async\" data-id=\"26\" src=\"https:\/\/sinanhazar.com\/wp-content\/themes\/inspiro\/assets\/images\/StockSnap_JKMGVEJMPU.jpg\" alt=\"\" class=\"wp-image-26\"\/><\/figure>\n\n\n\n<figure class=\"wp-block-image size-large\"><img decoding=\"async\" data-id=\"25\" src=\"https:\/\/sinanhazar.com\/wp-content\/themes\/inspiro\/assets\/images\/StockSnap_CXVCF2NNWJ.jpg\" alt=\"\" class=\"wp-image-25\"\/><\/figure>\n\n\n\n<figure class=\"wp-block-image size-large\"><img decoding=\"async\" data-id=\"24\" src=\"https:\/\/sinanhazar.com\/wp-content\/themes\/inspiro\/assets\/images\/StockSnap_89BQZ89TLH.jpg\" alt=\"\" class=\"wp-image-24\"\/><\/figure>\n\n\n\n<figure class=\"wp-block-image size-large\"><img decoding=\"async\" data-id=\"29\" src=\"https:\/\/sinanhazar.com\/wp-content\/themes\/inspiro\/assets\/images\/StockSnap_PGXCCTCLB5.jpg\" alt=\"\" class=\"wp-image-29\"\/><\/figure>\n<\/figure>\n<\/div>\n\n\n\n<div class=\"wp-block-cover alignfull has-parallax is-position-center-center\" style=\"min-height:375px;aspect-ratio:unset;\"><span aria-hidden=\"true\" class=\"wp-block-cover__background has-black-background-color has-background-dim-40 has-background-dim\"><\/span><div role=\"img\" class=\"wp-block-cover__image-background wp-image-24 has-parallax\" style=\"background-position:50% 50%;background-image:url(https:\/\/sinanhazar.com\/wp-content\/themes\/inspiro\/assets\/images\/StockSnap_89BQZ89TLH.jpg)\"><\/div><div class=\"wp-block-cover__inner-container is-layout-flow wp-block-cover-is-layout-flow\">\n<p class=\"has-text-align-center has-text-color has-huge-font-size\" style=\"color:#fffffa;line-height:1.1\"><strong>Unleash your creativity with Inspiro<\/strong><\/p>\n\n\n\n<p class=\"has-text-align-center\">Lorem ipsum dolor sit amet, consectetur adipiscing elit. Ut elit tellus, luctus nec ullamcorper mattis, pulvinar dapibus leo.<\/p>\n\n\n\n<div style=\"height:39px\" aria-hidden=\"true\" class=\"wp-block-spacer\"><\/div>\n\n\n\n<div class=\"wp-block-buttons is-horizontal is-content-justification-center is-layout-flex wp-container-core-buttons-is-layout-03627597 wp-block-buttons-is-layout-flex\">\n<div class=\"wp-block-button is-style-outline is-style-outline--4\"><a class=\"wp-block-button__link has-white-color has-text-color no-border-radius wp-element-button\" href=\"#\">Contact us<\/a><\/div>\n<\/div>\n<\/div><\/div>\n","protected":false},"excerpt":{"rendered":"<p>K\u0131saca Kendimden bahsetmek istersem, Avustralya Do\u011fumlu, hayat\u0131n\u0131 b\u00fcy\u00fck bir k\u0131sm\u0131n\u0131 \u015f\u00fcphesiz ki d\u00fcnyan\u0131n en g\u00fczel yeri olan Antalya&#8217;da ya\u015fam\u0131\u015f, Japon k\u00fclt\u00fcr\u00fcne hayran ve Avustralya&#8217;da ya\u015fayan y\u00fcksek lisans yapm\u0131\u015f bir fizik\u00e7iyim. Burada ki\u015fisel blog yaz\u0131lar\u0131m\u0131 ve bilime dair anekdotlar\u0131m\u0131 payla\u015fmaktay\u0131m. Blog 2016 y\u0131l\u0131ndan beri yaratabildi\u011fim her f\u0131rsat ile yurtd\u0131\u015f\u0131na tatile gittim. Tabikide ilk olarak Japonya Tokyo &hellip; <\/p>\n<p class=\"link-more\"><a href=\"https:\/\/sinanhazar.com\/\" class=\"more-link\"><span class=\"screen-reader-text\"> &#8220;Hakk\u0131mda&#8221;<\/span>devam\u0131n\u0131 oku<\/a><\/p>\n","protected":false},"author":1,"featured_media":5,"parent":0,"menu_order":0,"comment_status":"closed","ping_status":"closed","template":"","meta":{"_monsterinsights_skip_tracking":false,"_monsterinsights_sitenote_active":false,"_monsterinsights_sitenote_note":"","_monsterinsights_sitenote_category":0,"inspiro_hide_title":false,"footnotes":""},"class_list":["post-6","page","type-page","status-publish","has-post-thumbnail","hentry"],"yoast_head":"<!-- This site is optimized with the Yoast SEO plugin v27.4 - https:\/\/yoast.com\/product\/yoast-seo-wordpress\/ -->\n<title>Hakk\u0131mda - The Cyber Scientia<\/title>\n<meta name=\"robots\" content=\"index, follow, max-snippet:-1, max-image-preview:large, max-video-preview:-1\" \/>\n<link rel=\"canonical\" href=\"https:\/\/sinanhazar.com\/\" \/>\n<meta property=\"og:locale\" content=\"tr_TR\" \/>\n<meta property=\"og:type\" content=\"article\" \/>\n<meta property=\"og:title\" content=\"Hakk\u0131mda - The Cyber Scientia\" \/>\n<meta property=\"og:description\" content=\"K\u0131saca Kendimden bahsetmek istersem, Avustralya Do\u011fumlu, hayat\u0131n\u0131 b\u00fcy\u00fck bir k\u0131sm\u0131n\u0131 \u015f\u00fcphesiz ki d\u00fcnyan\u0131n en g\u00fczel yeri olan Antalya&#8217;da ya\u015fam\u0131\u015f, Japon k\u00fclt\u00fcr\u00fcne hayran ve Avustralya&#8217;da ya\u015fayan y\u00fcksek lisans yapm\u0131\u015f bir fizik\u00e7iyim. Burada ki\u015fisel blog yaz\u0131lar\u0131m\u0131 ve bilime dair anekdotlar\u0131m\u0131 payla\u015fmaktay\u0131m. Blog 2016 y\u0131l\u0131ndan beri yaratabildi\u011fim her f\u0131rsat ile yurtd\u0131\u015f\u0131na tatile gittim. Tabikide ilk olarak Japonya Tokyo &hellip; &quot;Hakk\u0131mda&quot;devam\u0131n\u0131 oku\" \/>\n<meta property=\"og:url\" content=\"https:\/\/sinanhazar.com\/\" \/>\n<meta property=\"og:site_name\" content=\"The Cyber Scientia\" \/>\n<meta property=\"article:modified_time\" content=\"2023-06-24T04:17:19+00:00\" \/>\n<meta property=\"og:image\" content=\"https:\/\/sinanhazar.com\/wp-content\/uploads\/2022\/01\/StockSnap_M6D1GS9PSL.jpg\" \/>\n\t<meta property=\"og:image:width\" content=\"2300\" \/>\n\t<meta property=\"og:image:height\" content=\"1515\" \/>\n\t<meta property=\"og:image:type\" content=\"image\/jpeg\" \/>\n<meta name=\"twitter:card\" content=\"summary_large_image\" \/>\n<meta name=\"twitter:label1\" content=\"Tahmini okuma s\u00fcresi\" \/>\n\t<meta name=\"twitter:data1\" content=\"3 dakika\" \/>\n<script type=\"application\/ld+json\" class=\"yoast-schema-graph\">{\"@context\":\"https:\\\/\\\/schema.org\",\"@graph\":[{\"@type\":\"WebPage\",\"@id\":\"https:\\\/\\\/sinanhazar.com\\\/\",\"url\":\"https:\\\/\\\/sinanhazar.com\\\/\",\"name\":\"Hakk\u0131mda - The Cyber Scientia\",\"isPartOf\":{\"@id\":\"https:\\\/\\\/sinanhazar.com\\\/#website\"},\"primaryImageOfPage\":{\"@id\":\"https:\\\/\\\/sinanhazar.com\\\/#primaryimage\"},\"image\":{\"@id\":\"https:\\\/\\\/sinanhazar.com\\\/#primaryimage\"},\"thumbnailUrl\":\"https:\\\/\\\/sinanhazar.com\\\/wp-content\\\/uploads\\\/2022\\\/01\\\/StockSnap_M6D1GS9PSL.jpg\",\"datePublished\":\"2022-01-08T08:35:53+00:00\",\"dateModified\":\"2023-06-24T04:17:19+00:00\",\"breadcrumb\":{\"@id\":\"https:\\\/\\\/sinanhazar.com\\\/#breadcrumb\"},\"inLanguage\":\"tr\",\"potentialAction\":[{\"@type\":\"ReadAction\",\"target\":[\"https:\\\/\\\/sinanhazar.com\\\/\"]}]},{\"@type\":\"ImageObject\",\"inLanguage\":\"tr\",\"@id\":\"https:\\\/\\\/sinanhazar.com\\\/#primaryimage\",\"url\":\"https:\\\/\\\/sinanhazar.com\\\/wp-content\\\/uploads\\\/2022\\\/01\\\/StockSnap_M6D1GS9PSL.jpg\",\"contentUrl\":\"https:\\\/\\\/sinanhazar.com\\\/wp-content\\\/uploads\\\/2022\\\/01\\\/StockSnap_M6D1GS9PSL.jpg\",\"width\":2300,\"height\":1515},{\"@type\":\"BreadcrumbList\",\"@id\":\"https:\\\/\\\/sinanhazar.com\\\/#breadcrumb\",\"itemListElement\":[{\"@type\":\"ListItem\",\"position\":1,\"name\":\"Anasayfa\",\"item\":\"https:\\\/\\\/sinanhazar.com\\\/\"},{\"@type\":\"ListItem\",\"position\":2,\"name\":\"Hakk\u0131mda\"}]},{\"@type\":\"WebSite\",\"@id\":\"https:\\\/\\\/sinanhazar.com\\\/#website\",\"url\":\"https:\\\/\\\/sinanhazar.com\\\/\",\"name\":\"The Cyber Scientia\",\"description\":\"Insights on Cyber Security and Science\",\"potentialAction\":[{\"@type\":\"SearchAction\",\"target\":{\"@type\":\"EntryPoint\",\"urlTemplate\":\"https:\\\/\\\/sinanhazar.com\\\/?s={search_term_string}\"},\"query-input\":{\"@type\":\"PropertyValueSpecification\",\"valueRequired\":true,\"valueName\":\"search_term_string\"}}],\"inLanguage\":\"tr\"}]}<\/script>\n<!-- \/ Yoast SEO plugin. -->","yoast_head_json":{"title":"Hakk\u0131mda - The Cyber Scientia","robots":{"index":"index","follow":"follow","max-snippet":"max-snippet:-1","max-image-preview":"max-image-preview:large","max-video-preview":"max-video-preview:-1"},"canonical":"https:\/\/sinanhazar.com\/","og_locale":"tr_TR","og_type":"article","og_title":"Hakk\u0131mda - The Cyber Scientia","og_description":"K\u0131saca Kendimden bahsetmek istersem, Avustralya Do\u011fumlu, hayat\u0131n\u0131 b\u00fcy\u00fck bir k\u0131sm\u0131n\u0131 \u015f\u00fcphesiz ki d\u00fcnyan\u0131n en g\u00fczel yeri olan Antalya&#8217;da ya\u015fam\u0131\u015f, Japon k\u00fclt\u00fcr\u00fcne hayran ve Avustralya&#8217;da ya\u015fayan y\u00fcksek lisans yapm\u0131\u015f bir fizik\u00e7iyim. Burada ki\u015fisel blog yaz\u0131lar\u0131m\u0131 ve bilime dair anekdotlar\u0131m\u0131 payla\u015fmaktay\u0131m. Blog 2016 y\u0131l\u0131ndan beri yaratabildi\u011fim her f\u0131rsat ile yurtd\u0131\u015f\u0131na tatile gittim. Tabikide ilk olarak Japonya Tokyo &hellip; \"Hakk\u0131mda\"devam\u0131n\u0131 oku","og_url":"https:\/\/sinanhazar.com\/","og_site_name":"The Cyber Scientia","article_modified_time":"2023-06-24T04:17:19+00:00","og_image":[{"width":2300,"height":1515,"url":"https:\/\/sinanhazar.com\/wp-content\/uploads\/2022\/01\/StockSnap_M6D1GS9PSL.jpg","type":"image\/jpeg"}],"twitter_card":"summary_large_image","twitter_misc":{"Tahmini okuma s\u00fcresi":"3 dakika"},"schema":{"@context":"https:\/\/schema.org","@graph":[{"@type":"WebPage","@id":"https:\/\/sinanhazar.com\/","url":"https:\/\/sinanhazar.com\/","name":"Hakk\u0131mda - The Cyber Scientia","isPartOf":{"@id":"https:\/\/sinanhazar.com\/#website"},"primaryImageOfPage":{"@id":"https:\/\/sinanhazar.com\/#primaryimage"},"image":{"@id":"https:\/\/sinanhazar.com\/#primaryimage"},"thumbnailUrl":"https:\/\/sinanhazar.com\/wp-content\/uploads\/2022\/01\/StockSnap_M6D1GS9PSL.jpg","datePublished":"2022-01-08T08:35:53+00:00","dateModified":"2023-06-24T04:17:19+00:00","breadcrumb":{"@id":"https:\/\/sinanhazar.com\/#breadcrumb"},"inLanguage":"tr","potentialAction":[{"@type":"ReadAction","target":["https:\/\/sinanhazar.com\/"]}]},{"@type":"ImageObject","inLanguage":"tr","@id":"https:\/\/sinanhazar.com\/#primaryimage","url":"https:\/\/sinanhazar.com\/wp-content\/uploads\/2022\/01\/StockSnap_M6D1GS9PSL.jpg","contentUrl":"https:\/\/sinanhazar.com\/wp-content\/uploads\/2022\/01\/StockSnap_M6D1GS9PSL.jpg","width":2300,"height":1515},{"@type":"BreadcrumbList","@id":"https:\/\/sinanhazar.com\/#breadcrumb","itemListElement":[{"@type":"ListItem","position":1,"name":"Anasayfa","item":"https:\/\/sinanhazar.com\/"},{"@type":"ListItem","position":2,"name":"Hakk\u0131mda"}]},{"@type":"WebSite","@id":"https:\/\/sinanhazar.com\/#website","url":"https:\/\/sinanhazar.com\/","name":"The Cyber Scientia","description":"Insights on Cyber Security and Science","potentialAction":[{"@type":"SearchAction","target":{"@type":"EntryPoint","urlTemplate":"https:\/\/sinanhazar.com\/?s={search_term_string}"},"query-input":{"@type":"PropertyValueSpecification","valueRequired":true,"valueName":"search_term_string"}}],"inLanguage":"tr"}]}},"_links":{"self":[{"href":"https:\/\/sinanhazar.com\/index.php?rest_route=\/wp\/v2\/pages\/6","targetHints":{"allow":["GET"]}}],"collection":[{"href":"https:\/\/sinanhazar.com\/index.php?rest_route=\/wp\/v2\/pages"}],"about":[{"href":"https:\/\/sinanhazar.com\/index.php?rest_route=\/wp\/v2\/types\/page"}],"author":[{"embeddable":true,"href":"https:\/\/sinanhazar.com\/index.php?rest_route=\/wp\/v2\/users\/1"}],"replies":[{"embeddable":true,"href":"https:\/\/sinanhazar.com\/index.php?rest_route=%2Fwp%2Fv2%2Fcomments&post=6"}],"version-history":[{"count":7,"href":"https:\/\/sinanhazar.com\/index.php?rest_route=\/wp\/v2\/pages\/6\/revisions"}],"predecessor-version":[{"id":48,"href":"https:\/\/sinanhazar.com\/index.php?rest_route=\/wp\/v2\/pages\/6\/revisions\/48"}],"wp:featuredmedia":[{"embeddable":true,"href":"https:\/\/sinanhazar.com\/index.php?rest_route=\/wp\/v2\/media\/5"}],"wp:attachment":[{"href":"https:\/\/sinanhazar.com\/index.php?rest_route=%2Fwp%2Fv2%2Fmedia&parent=6"}],"curies":[{"name":"wp","href":"https:\/\/api.w.org\/{rel}","templated":true}]}}